{"id":1221,"date":"2025-07-11T16:04:57","date_gmt":"2025-07-11T09:04:57","guid":{"rendered":"https:\/\/adszone.123websitedev.com\/?page_id=1221"},"modified":"2025-10-11T09:25:37","modified_gmt":"2025-10-11T02:25:37","slug":"chinh-sach-thanh-toan","status":"publish","type":"page","link":"https:\/\/adszone.vn\/en\/chinh-sach-thanh-toan\/","title":{"rendered":"Ch\u00ednh S\u00e1ch Thanh To\u00e1n"},"content":{"rendered":"<section class=\"section\" id=\"section_1206816770\">\n\t\t<div class=\"section-bg fill\" >\n\t\t\t\t\t\t\t\t\t\n\t\t\t\n\n\t\t<\/div>\n\n\t\t\n\n\t\t<div class=\"section-content relative\">\n\t\t\t\n<div class=\"row\"  id=\"row-817819899\">\n\n\t<div id=\"col-1077828891\" class=\"col small-12 large-12\"  >\n\t\t\t\t<div class=\"col-inner\"  >\n\t\t\t\n\t\t\t\n<p style=\"text-align: justify;\"><span style=\"color: #282828;\"><\/span><\/p>\n<figure id=\"attachment_4997\" aria-describedby=\"caption-attachment-4997\" style=\"width: 1600px\" class=\"wp-caption aligncenter\"><img loading=\"lazy\" decoding=\"async\" class=\"size-full wp-image-4997\" src=\"https:\/\/adszone.vn\/wp-content\/uploads\/2025\/10\/avt-hinh-thuc-thanh-toan.webp\" alt=\"Ch\u00ednh S\u00e1ch Thanh To\u00e1n\" width=\"1600\" height=\"500\" srcset=\"https:\/\/adszone.vn\/wp-content\/uploads\/2025\/10\/avt-hinh-thuc-thanh-toan.webp 1600w, https:\/\/adszone.vn\/wp-content\/uploads\/2025\/10\/avt-hinh-thuc-thanh-toan-300x94.webp 300w, https:\/\/adszone.vn\/wp-content\/uploads\/2025\/10\/avt-hinh-thuc-thanh-toan-1024x320.webp 1024w, https:\/\/adszone.vn\/wp-content\/uploads\/2025\/10\/avt-hinh-thuc-thanh-toan-768x240.webp 768w, https:\/\/adszone.vn\/wp-content\/uploads\/2025\/10\/avt-hinh-thuc-thanh-toan-1536x480.webp 1536w, https:\/\/adszone.vn\/wp-content\/uploads\/2025\/10\/avt-hinh-thuc-thanh-toan-18x6.webp 18w, https:\/\/adszone.vn\/wp-content\/uploads\/2025\/10\/avt-hinh-thuc-thanh-toan-1200x375.webp 1200w\" sizes=\"auto, (max-width: 1600px) 100vw, 1600px\" \/><figcaption id=\"caption-attachment-4997\" class=\"wp-caption-text\"><em>Ch\u00ednh S\u00e1ch Thanh To\u00e1n<\/em><\/figcaption><\/figure>\n<figure id=\"attachment_4999\" aria-describedby=\"caption-attachment-4999\" style=\"width: 1600px\" class=\"wp-caption aligncenter\"><img loading=\"lazy\" decoding=\"async\" class=\"size-full wp-image-4999\" src=\"https:\/\/adszone.vn\/wp-content\/uploads\/2025\/10\/cac-hinh-thuc-thanh-toan.webp\" alt=\"C\u00e1c H\u00ecnh Th\u1ee9c Thanh To\u00e1n\u00a0\" width=\"1600\" height=\"900\" srcset=\"https:\/\/adszone.vn\/wp-content\/uploads\/2025\/10\/cac-hinh-thuc-thanh-toan.webp 1600w, https:\/\/adszone.vn\/wp-content\/uploads\/2025\/10\/cac-hinh-thuc-thanh-toan-300x169.webp 300w, https:\/\/adszone.vn\/wp-content\/uploads\/2025\/10\/cac-hinh-thuc-thanh-toan-1024x576.webp 1024w, https:\/\/adszone.vn\/wp-content\/uploads\/2025\/10\/cac-hinh-thuc-thanh-toan-768x432.webp 768w, https:\/\/adszone.vn\/wp-content\/uploads\/2025\/10\/cac-hinh-thuc-thanh-toan-1536x864.webp 1536w, https:\/\/adszone.vn\/wp-content\/uploads\/2025\/10\/cac-hinh-thuc-thanh-toan-18x10.webp 18w, https:\/\/adszone.vn\/wp-content\/uploads\/2025\/10\/cac-hinh-thuc-thanh-toan-1200x675.webp 1200w\" sizes=\"auto, (max-width: 1600px) 100vw, 1600px\" \/><figcaption id=\"caption-attachment-4999\" class=\"wp-caption-text\"><em>C\u00e1c H\u00ecnh Th\u1ee9c Thanh To\u00e1n<\/em><\/figcaption><\/figure>\n<figure id=\"attachment_5000\" aria-describedby=\"caption-attachment-5000\" style=\"width: 1600px\" class=\"wp-caption aligncenter\"><img loading=\"lazy\" decoding=\"async\" class=\"size-full wp-image-5000\" src=\"https:\/\/adszone.vn\/wp-content\/uploads\/2025\/10\/hinh-thuc-thanh-toan-truoc-qua-tai-khoan-ngan-hang.webp\" alt=\"H\u00ecnh Th\u1ee9c Thanh To\u00e1n Tr\u01b0\u1edbc Qua T\u00e0i Kho\u1ea3n Ng\u00e2n H\u00e0ng\u00a0\" width=\"1600\" height=\"900\" srcset=\"https:\/\/adszone.vn\/wp-content\/uploads\/2025\/10\/hinh-thuc-thanh-toan-truoc-qua-tai-khoan-ngan-hang.webp 1600w, https:\/\/adszone.vn\/wp-content\/uploads\/2025\/10\/hinh-thuc-thanh-toan-truoc-qua-tai-khoan-ngan-hang-300x169.webp 300w, https:\/\/adszone.vn\/wp-content\/uploads\/2025\/10\/hinh-thuc-thanh-toan-truoc-qua-tai-khoan-ngan-hang-1024x576.webp 1024w, https:\/\/adszone.vn\/wp-content\/uploads\/2025\/10\/hinh-thuc-thanh-toan-truoc-qua-tai-khoan-ngan-hang-768x432.webp 768w, https:\/\/adszone.vn\/wp-content\/uploads\/2025\/10\/hinh-thuc-thanh-toan-truoc-qua-tai-khoan-ngan-hang-1536x864.webp 1536w, https:\/\/adszone.vn\/wp-content\/uploads\/2025\/10\/hinh-thuc-thanh-toan-truoc-qua-tai-khoan-ngan-hang-18x10.webp 18w, https:\/\/adszone.vn\/wp-content\/uploads\/2025\/10\/hinh-thuc-thanh-toan-truoc-qua-tai-khoan-ngan-hang-1200x675.webp 1200w\" sizes=\"auto, (max-width: 1600px) 100vw, 1600px\" \/><figcaption id=\"caption-attachment-5000\" class=\"wp-caption-text\"><em>H\u00ecnh Th\u1ee9c Thanh To\u00e1n Tr\u01b0\u1edbc Qua T\u00e0i Kho\u1ea3n Ng\u00e2n H\u00e0ng<\/em><\/figcaption><\/figure>\n<figure id=\"attachment_5001\" aria-describedby=\"caption-attachment-5001\" style=\"width: 1600px\" class=\"wp-caption aligncenter\"><img loading=\"lazy\" decoding=\"async\" class=\"size-full wp-image-5001\" src=\"https:\/\/adszone.vn\/wp-content\/uploads\/2025\/10\/hinh-thuc-thanh-toan-truc-tiep-tai-website.webp\" alt=\"H\u00ecnh Th\u1ee9c Thanh To\u00e1n Tr\u1ef1c Tuy\u1ebfn T\u1ea1i Website\u00a0\" width=\"1600\" height=\"900\" srcset=\"https:\/\/adszone.vn\/wp-content\/uploads\/2025\/10\/hinh-thuc-thanh-toan-truc-tiep-tai-website.webp 1600w, https:\/\/adszone.vn\/wp-content\/uploads\/2025\/10\/hinh-thuc-thanh-toan-truc-tiep-tai-website-300x169.webp 300w, https:\/\/adszone.vn\/wp-content\/uploads\/2025\/10\/hinh-thuc-thanh-toan-truc-tiep-tai-website-1024x576.webp 1024w, https:\/\/adszone.vn\/wp-content\/uploads\/2025\/10\/hinh-thuc-thanh-toan-truc-tiep-tai-website-768x432.webp 768w, https:\/\/adszone.vn\/wp-content\/uploads\/2025\/10\/hinh-thuc-thanh-toan-truc-tiep-tai-website-1536x864.webp 1536w, https:\/\/adszone.vn\/wp-content\/uploads\/2025\/10\/hinh-thuc-thanh-toan-truc-tiep-tai-website-18x10.webp 18w, https:\/\/adszone.vn\/wp-content\/uploads\/2025\/10\/hinh-thuc-thanh-toan-truc-tiep-tai-website-1200x675.webp 1200w\" sizes=\"auto, (max-width: 1600px) 100vw, 1600px\" \/><figcaption id=\"caption-attachment-5001\" class=\"wp-caption-text\"><em>H\u00ecnh Th\u1ee9c Thanh To\u00e1n Tr\u1ef1c Tuy\u1ebfn T\u1ea1i Website<\/em><\/figcaption><\/figure>\n\t\t<\/div>\n\t\t\t\t\t<\/div>\n\n\t\n<\/div>\n\t\t<\/div>\n\n\t\t\n<style>\n#section_1206816770 {\n  padding-top: 30px;\n  padding-bottom: 30px;\n}\n<\/style>\n\t<\/section>","protected":false},"excerpt":{"rendered":"","protected":false},"author":1,"featured_media":0,"parent":0,"menu_order":0,"comment_status":"closed","ping_status":"closed","template":"page-blank.php","meta":{"inline_featured_image":false,"footnotes":""},"class_list":["post-1221","page","type-page","status-publish","hentry"],"acf":[],"_links":{"self":[{"href":"https:\/\/adszone.vn\/en\/wp-json\/wp\/v2\/pages\/1221","targetHints":{"allow":["GET"]}}],"collection":[{"href":"https:\/\/adszone.vn\/en\/wp-json\/wp\/v2\/pages"}],"about":[{"href":"https:\/\/adszone.vn\/en\/wp-json\/wp\/v2\/types\/page"}],"author":[{"embeddable":true,"href":"https:\/\/adszone.vn\/en\/wp-json\/wp\/v2\/users\/1"}],"replies":[{"embeddable":true,"href":"https:\/\/adszone.vn\/en\/wp-json\/wp\/v2\/comments?post=1221"}],"version-history":[{"count":16,"href":"https:\/\/adszone.vn\/en\/wp-json\/wp\/v2\/pages\/1221\/revisions"}],"predecessor-version":[{"id":5298,"href":"https:\/\/adszone.vn\/en\/wp-json\/wp\/v2\/pages\/1221\/revisions\/5298"}],"wp:attachment":[{"href":"https:\/\/adszone.vn\/en\/wp-json\/wp\/v2\/media?parent=1221"}],"curies":[{"name":"wp","href":"https:\/\/api.w.org\/{rel}","templated":true}]}}