{"id":1228,"date":"2025-07-11T16:12:06","date_gmt":"2025-07-11T09:12:06","guid":{"rendered":"https:\/\/adszone.123websitedev.com\/?page_id=1228"},"modified":"2025-10-11T09:26:58","modified_gmt":"2025-10-11T02:26:58","slug":"chinh-sach-dat-hang","status":"publish","type":"page","link":"https:\/\/adszone.vn\/en\/chinh-sach-dat-hang\/","title":{"rendered":"Ch\u00ednh S\u00e1ch \u0110\u1eb7t H\u00e0ng"},"content":{"rendered":"<section class=\"section\" id=\"section_2083903875\">\n\t\t<div class=\"section-bg fill\" >\n\t\t\t\t\t\t\t\t\t\n\t\t\t\n\n\t\t<\/div>\n\n\t\t\n\n\t\t<div class=\"section-content relative\">\n\t\t\t\n<div class=\"row\"  id=\"row-817751405\">\n\n\t<div id=\"col-1678137185\" class=\"col small-12 large-12\"  >\n\t\t\t\t<div class=\"col-inner\"  >\n\t\t\t\n\t\t\t\n<p style=\"text-align: justify;\"><span style=\"color: #282828;\"><\/span><\/p>\n<figure id=\"attachment_5068\" aria-describedby=\"caption-attachment-5068\" style=\"width: 1600px\" class=\"wp-caption aligncenter\"><img loading=\"lazy\" decoding=\"async\" class=\"size-full wp-image-5068\" src=\"https:\/\/adszone.vn\/wp-content\/uploads\/2025\/10\/avt-chinh-sach-dat-hang.webp\" alt=\"Ch\u00ednh S\u00e1ch \u0110\u1eb7t H\u00e0ng C\u1ee7a ADSzone \" width=\"1600\" height=\"500\" srcset=\"https:\/\/adszone.vn\/wp-content\/uploads\/2025\/10\/avt-chinh-sach-dat-hang.webp 1600w, https:\/\/adszone.vn\/wp-content\/uploads\/2025\/10\/avt-chinh-sach-dat-hang-300x94.webp 300w, https:\/\/adszone.vn\/wp-content\/uploads\/2025\/10\/avt-chinh-sach-dat-hang-1024x320.webp 1024w, https:\/\/adszone.vn\/wp-content\/uploads\/2025\/10\/avt-chinh-sach-dat-hang-768x240.webp 768w, https:\/\/adszone.vn\/wp-content\/uploads\/2025\/10\/avt-chinh-sach-dat-hang-1536x480.webp 1536w, https:\/\/adszone.vn\/wp-content\/uploads\/2025\/10\/avt-chinh-sach-dat-hang-18x6.webp 18w, https:\/\/adszone.vn\/wp-content\/uploads\/2025\/10\/avt-chinh-sach-dat-hang-1200x375.webp 1200w\" sizes=\"auto, (max-width: 1600px) 100vw, 1600px\" \/><figcaption id=\"caption-attachment-5068\" class=\"wp-caption-text\"><em>Ch\u00ednh S\u00e1ch \u0110\u1eb7t H\u00e0ng C\u1ee7a ADSzone<\/em><\/figcaption><\/figure>\n<figure id=\"attachment_5069\" aria-describedby=\"caption-attachment-5069\" style=\"width: 1103px\" class=\"wp-caption aligncenter\"><img loading=\"lazy\" decoding=\"async\" class=\"size-full wp-image-5069\" src=\"https:\/\/adszone.vn\/wp-content\/uploads\/2025\/10\/chinh-sach-dat-hang-scaled.webp\" alt=\"Ch\u00ednh S\u00e1ch \u0110\u1eb7t H\u00e0ng \" width=\"1103\" height=\"2560\" srcset=\"https:\/\/adszone.vn\/wp-content\/uploads\/2025\/10\/chinh-sach-dat-hang-scaled.webp 1103w, https:\/\/adszone.vn\/wp-content\/uploads\/2025\/10\/chinh-sach-dat-hang-129x300.webp 129w, https:\/\/adszone.vn\/wp-content\/uploads\/2025\/10\/chinh-sach-dat-hang-441x1024.webp 441w, https:\/\/adszone.vn\/wp-content\/uploads\/2025\/10\/chinh-sach-dat-hang-768x1782.webp 768w, https:\/\/adszone.vn\/wp-content\/uploads\/2025\/10\/chinh-sach-dat-hang-662x1536.webp 662w, https:\/\/adszone.vn\/wp-content\/uploads\/2025\/10\/chinh-sach-dat-hang-883x2048.webp 883w, https:\/\/adszone.vn\/wp-content\/uploads\/2025\/10\/chinh-sach-dat-hang-5x12.webp 5w, https:\/\/adszone.vn\/wp-content\/uploads\/2025\/10\/chinh-sach-dat-hang-1200x2785.webp 1200w\" sizes=\"auto, (max-width: 1103px) 100vw, 1103px\" \/><figcaption id=\"caption-attachment-5069\" class=\"wp-caption-text\"><em>Ch\u00ednh S\u00e1ch \u0110\u1eb7t H\u00e0ng\u00a0<\/em><\/figcaption><\/figure>\n\t\t<\/div>\n\t\t\t\t\t<\/div>\n\n\t\n<\/div>\n\t\t<\/div>\n\n\t\t\n<style>\n#section_2083903875 {\n  padding-top: 30px;\n  padding-bottom: 30px;\n}\n<\/style>\n\t<\/section>","protected":false},"excerpt":{"rendered":"","protected":false},"author":1,"featured_media":0,"parent":0,"menu_order":0,"comment_status":"closed","ping_status":"closed","template":"page-blank.php","meta":{"inline_featured_image":false,"footnotes":""},"class_list":["post-1228","page","type-page","status-publish","hentry"],"acf":[],"_links":{"self":[{"href":"https:\/\/adszone.vn\/en\/wp-json\/wp\/v2\/pages\/1228","targetHints":{"allow":["GET"]}}],"collection":[{"href":"https:\/\/adszone.vn\/en\/wp-json\/wp\/v2\/pages"}],"about":[{"href":"https:\/\/adszone.vn\/en\/wp-json\/wp\/v2\/types\/page"}],"author":[{"embeddable":true,"href":"https:\/\/adszone.vn\/en\/wp-json\/wp\/v2\/users\/1"}],"replies":[{"embeddable":true,"href":"https:\/\/adszone.vn\/en\/wp-json\/wp\/v2\/comments?post=1228"}],"version-history":[{"count":11,"href":"https:\/\/adszone.vn\/en\/wp-json\/wp\/v2\/pages\/1228\/revisions"}],"predecessor-version":[{"id":5301,"href":"https:\/\/adszone.vn\/en\/wp-json\/wp\/v2\/pages\/1228\/revisions\/5301"}],"wp:attachment":[{"href":"https:\/\/adszone.vn\/en\/wp-json\/wp\/v2\/media?parent=1228"}],"curies":[{"name":"wp","href":"https:\/\/api.w.org\/{rel}","templated":true}]}}