{"id":3673,"date":"2025-09-10T09:07:41","date_gmt":"2025-09-10T02:07:41","guid":{"rendered":"https:\/\/adszone.vn\/?post_type=product&#038;p=3673"},"modified":"2026-03-23T16:27:59","modified_gmt":"2026-03-23T09:27:59","slug":"android-box-3399","status":"publish","type":"product","link":"https:\/\/adszone.vn\/en\/product\/android-box-3399\/","title":{"rendered":"Thi\u1ebft B\u1ecb Ph\u00e1t Qu\u1ea3ng C\u00e1o Android Box 3399 \u0110\u1ebfn TV"},"content":{"rendered":"<h4 style=\"text-align: justify;\">H\u00ccNH<\/h4>\n<h3 style=\"text-align: justify;\"><strong>Android Box 3399: Gi\u1ea3i Ph\u00e1p Qu\u1ea3n L\u00fd N\u1ed9i Dung 4K Chuy\u00ean D\u1ee5ng Cho Doanh Nghi\u1ec7p<\/strong><\/h3>\n<p style=\"text-align: justify;\">Android Box 3399 l\u00e0 thi\u1ebft b\u1ecb \u0111\u1ea7u ph\u00e1t qu\u1ea3ng c\u00e1o hi\u1ec7u n\u0103ng cao, \u0111\u01b0\u1ee3c thi\u1ebft k\u1ebf \u0111\u1ec3 bi\u1ebfn c\u00e1c m\u00e0n h\u00ecnh th\u00f4ng th\u01b0\u1eddng th\u00e0nh h\u1ec7 th\u1ed1ng bi\u1ec3n b\u00e1o k\u1ef9 thu\u1eadt s\u1ed1 th\u00f4ng minh. S\u1eed d\u1ee5ng d\u00f2ng chip x\u1eed l\u00fd Rockchip 3399 m\u1ea1nh m\u1ebd, thi\u1ebft b\u1ecb n\u00e0y kh\u00f4ng ch\u1ec9 d\u1eebng l\u1ea1i \u1edf vi\u1ec7c ph\u00e1t video m\u00e0 c\u00f2n x\u1eed l\u00fd m\u01b0\u1ee3t m\u00e0 c\u00e1c n\u1ed9i dung t\u01b0\u01a1ng t\u00e1c ph\u1ee9c t\u1ea1p, ph\u00e2n gi\u1ea3i 4K si\u00eau n\u00e9t v\u00e0 v\u1eadn h\u00e0nh b\u1ec1n b\u1ec9 trong m\u00f4i tr\u01b0\u1eddng kinh doanh li\u00ean t\u1ee5c.<\/p>\n<h3 style=\"text-align: justify;\"><strong>L\u00fd Do N\u00ean L\u1ef1a Ch\u1ecdn Thi\u1ebft B\u1ecb Ph\u00e1t Qu\u1ea3ng C\u00e1o Android Box 3399?<\/strong><\/h3>","protected":false},"excerpt":{"rendered":"<p>H\u00ccNH Android Box 3399: Gi\u1ea3i Ph\u00e1p Qu\u1ea3n L\u00fd N\u1ed9i Dung 4K Chuy\u00ean D\u1ee5ng Cho Doanh Nghi\u1ec7p Android Box 3399 l\u00e0 thi\u1ebft b\u1ecb \u0111\u1ea7u ph\u00e1t qu\u1ea3ng c\u00e1o hi\u1ec7u n\u0103ng cao, \u0111\u01b0\u1ee3c thi\u1ebft k\u1ebf \u0111\u1ec3 bi\u1ebfn c\u00e1c m\u00e0n h\u00ecnh th\u00f4ng th\u01b0\u1eddng th\u00e0nh h\u1ec7 th\u1ed1ng bi\u1ec3n b\u00e1o k\u1ef9 thu\u1eadt s\u1ed1 th\u00f4ng minh. S\u1eed d\u1ee5ng d\u00f2ng chip x\u1eed l\u00fd&#8230;<\/p>","protected":false},"featured_media":4826,"comment_status":"open","ping_status":"closed","template":"","meta":{"inline_featured_image":false},"product_brand":[],"product_cat":[59,60],"product_tag":[],"class_list":{"0":"post-3673","1":"product","2":"type-product","3":"status-publish","4":"has-post-thumbnail","6":"product_cat-giai-phap-hien-thi-ky-thuat-so","7":"product_cat-android-box","9":"first","10":"instock","11":"taxable","12":"shipping-taxable","13":"product-type-simple"},"acf":[],"_links":{"self":[{"href":"https:\/\/adszone.vn\/en\/wp-json\/wp\/v2\/product\/3673","targetHints":{"allow":["GET"]}}],"collection":[{"href":"https:\/\/adszone.vn\/en\/wp-json\/wp\/v2\/product"}],"about":[{"href":"https:\/\/adszone.vn\/en\/wp-json\/wp\/v2\/types\/product"}],"replies":[{"embeddable":true,"href":"https:\/\/adszone.vn\/en\/wp-json\/wp\/v2\/comments?post=3673"}],"wp:featuredmedia":[{"embeddable":true,"href":"https:\/\/adszone.vn\/en\/wp-json\/wp\/v2\/media\/4826"}],"wp:attachment":[{"href":"https:\/\/adszone.vn\/en\/wp-json\/wp\/v2\/media?parent=3673"}],"wp:term":[{"taxonomy":"product_brand","embeddable":true,"href":"https:\/\/adszone.vn\/en\/wp-json\/wp\/v2\/product_brand?post=3673"},{"taxonomy":"product_cat","embeddable":true,"href":"https:\/\/adszone.vn\/en\/wp-json\/wp\/v2\/product_cat?post=3673"},{"taxonomy":"product_tag","embeddable":true,"href":"https:\/\/adszone.vn\/en\/wp-json\/wp\/v2\/product_tag?post=3673"}],"curies":[{"name":"wp","href":"https:\/\/api.w.org\/{rel}","templated":true}]}}