{"id":3743,"date":"2025-09-10T14:54:10","date_gmt":"2025-09-10T07:54:10","guid":{"rendered":"https:\/\/adszone.vn\/?post_type=product&#038;p=3743"},"modified":"2025-10-07T15:58:44","modified_gmt":"2025-10-07T08:58:44","slug":"man-hinh-ghep-innolux","status":"publish","type":"product","link":"https:\/\/adszone.vn\/en\/product\/man-hinh-ghep-innolux\/","title":{"rendered":"M\u00e0n h\u00ecnh gh\u00e9p &#8211; Innolux"},"content":{"rendered":"","protected":false},"excerpt":{"rendered":"","protected":false},"featured_media":3744,"comment_status":"open","ping_status":"closed","template":"","meta":{"inline_featured_image":false},"product_brand":[],"product_cat":[64,65],"product_tag":[],"class_list":{"0":"post-3743","1":"product","2":"type-product","3":"status-publish","4":"has-post-thumbnail","6":"product_cat-man-hinh-ghep","7":"product_cat-hang-innolux","9":"first","10":"instock","11":"taxable","12":"shipping-taxable","13":"product-type-simple"},"acf":[],"_links":{"self":[{"href":"https:\/\/adszone.vn\/en\/wp-json\/wp\/v2\/product\/3743","targetHints":{"allow":["GET"]}}],"collection":[{"href":"https:\/\/adszone.vn\/en\/wp-json\/wp\/v2\/product"}],"about":[{"href":"https:\/\/adszone.vn\/en\/wp-json\/wp\/v2\/types\/product"}],"replies":[{"embeddable":true,"href":"https:\/\/adszone.vn\/en\/wp-json\/wp\/v2\/comments?post=3743"}],"wp:featuredmedia":[{"embeddable":true,"href":"https:\/\/adszone.vn\/en\/wp-json\/wp\/v2\/media\/3744"}],"wp:attachment":[{"href":"https:\/\/adszone.vn\/en\/wp-json\/wp\/v2\/media?parent=3743"}],"wp:term":[{"taxonomy":"product_brand","embeddable":true,"href":"https:\/\/adszone.vn\/en\/wp-json\/wp\/v2\/product_brand?post=3743"},{"taxonomy":"product_cat","embeddable":true,"href":"https:\/\/adszone.vn\/en\/wp-json\/wp\/v2\/product_cat?post=3743"},{"taxonomy":"product_tag","embeddable":true,"href":"https:\/\/adszone.vn\/en\/wp-json\/wp\/v2\/product_tag?post=3743"}],"curies":[{"name":"wp","href":"https:\/\/api.w.org\/{rel}","templated":true}]}}