{"id":4788,"date":"2025-10-02T11:03:41","date_gmt":"2025-10-02T04:03:41","guid":{"rendered":"https:\/\/adszone.vn\/?post_type=product&#038;p=4788"},"modified":"2026-01-19T16:59:58","modified_gmt":"2026-01-19T09:59:58","slug":"but-cam-ung","status":"publish","type":"product","link":"https:\/\/adszone.vn\/en\/product\/but-cam-ung\/","title":{"rendered":"B\u00fat C\u1ea3m \u1ee8ng \u0110i\u1ec7n Dung"},"content":{"rendered":"<p data-start=\"179\" data-end=\"202\"><span style=\"color: #282828;\">H\u00ccNH<\/span><\/p>\n<p data-start=\"253\" data-end=\"625\"><span style=\"color: #282828;\">B\u00fat c\u1ea3m \u1ee9ng \u0111i\u1ec7n dung l\u00e0 <a href=\"https:\/\/adszone.vn\/en\/phu-kien-man-hinh-tuong-tac\/\"><span style=\"color: #000080;\"><strong>ph\u1ee5 ki\u1ec7n<\/strong> <\/span><\/a>h\u1ed7 tr\u1ee3 t\u01b0\u01a1ng t\u00e1c chuy\u00ean nghi\u1ec7p, \u0111\u01b0\u1ee3c thi\u1ebft k\u1ebf \u0111\u1ec3 s\u1eed d\u1ee5ng c\u00f9ng c\u00e1c d\u00f2ng m\u00e0n h\u00ecnh t\u01b0\u01a1ng t\u00e1c v\u00e0 m\u00e0n h\u00ecnh c\u1ea3m \u1ee9ng \u0111a \u0111i\u1ec3m. S\u1ea3n ph\u1ea9m gi\u00fap ng\u01b0\u1eddi d\u00f9ng thao t\u00e1c ch\u00ednh x\u00e1c h\u01a1n khi vi\u1ebft, v\u1ebd, ghi ch\u00fa, tr\u00ecnh b\u00e0y ho\u1eb7c \u0111i\u1ec1u khi\u1ec3n n\u1ed9i dung tr\u1ef1c ti\u1ebfp tr\u00ean m\u00e0n h\u00ecnh, mang l\u1ea1i tr\u1ea3i nghi\u1ec7m m\u01b0\u1ee3t m\u00e0 v\u00e0 tr\u1ef1c quan h\u01a1n so v\u1edbi thao t\u00e1c b\u1eb1ng tay th\u00f4ng th\u01b0\u1eddng.<\/span><\/p>\n<p data-start=\"627\" data-end=\"926\"><span style=\"color: #282828;\">V\u1edbi thi\u1ebft k\u1ebf \u0111\u01a1n gi\u1ea3n nh\u01b0ng hi\u1ec7u qu\u1ea3, b\u00fat c\u1ea3m \u1ee9ng \u0111i\u1ec7n dung \u0111\u1eb7c bi\u1ec7t ph\u00f9 h\u1ee3p cho ph\u00f2ng h\u1ecdp doanh nghi\u1ec7p, l\u1edbp h\u1ecdc th\u00f4ng minh, trung t\u00e2m \u0111\u00e0o t\u1ea1o, showroom, kiosk c\u1ea3m \u1ee9ng v\u00e0 khu v\u1ef1c tr\u01b0ng b\u00e0y t\u01b0\u01a1ng t\u00e1c. \u0110\u00e2y l\u00e0 c\u00f4ng c\u1ee5 kh\u00f4ng th\u1ec3 thi\u1ebfu \u0111\u1ec3 n\u00e2ng cao hi\u1ec7u su\u1ea5t l\u00e0m vi\u1ec7c v\u00e0 ch\u1ea5t l\u01b0\u1ee3ng tr\u00ecnh b\u00e0y n\u1ed9i dung.<\/span><\/p>\n<h3 data-start=\"933\" data-end=\"964\"><strong><span style=\"color: #282828;\">B\u00fat c\u1ea3m \u1ee9ng \u0111i\u1ec7n dung l\u00e0 g\u00ec?<\/span><\/strong><\/h3>\n<p data-start=\"966\" data-end=\"1270\"><span style=\"color: #282828;\"><span style=\"color: #000080;\"><strong><a style=\"color: #000080;\" href=\"https:\/\/adszone.vn\/en\/product\/but-cam-ung\/\">B\u00fat c\u1ea3m \u1ee9ng<\/a><\/strong><\/span> \u0111i\u1ec7n dung ho\u1ea1t \u0111\u1ed9ng d\u1ef1a tr\u00ean nguy\u00ean l\u00fd d\u1eabn \u0111i\u1ec7n, m\u00f4 ph\u1ecfng ch\u00ednh x\u00e1c thao t\u00e1c ch\u1ea1m c\u1ee7a \u0111\u1ea7u ng\u00f3n tay ng\u01b0\u1eddi d\u00f9ng l\u00ean m\u00e0n h\u00ecnh. Kh\u00e1c v\u1edbi b\u00fat c\u1ea3m \u1ee9ng ch\u1ee7 \u0111\u1ed9ng, b\u00fat \u0111i\u1ec7n dung kh\u00f4ng c\u1ea7n pin, kh\u00f4ng c\u1ea7n k\u1ebft n\u1ed1i Bluetooth hay c\u00e0i \u0111\u1eb7t ph\u1ea7n m\u1ec1m, gi\u00fap ng\u01b0\u1eddi d\u00f9ng s\u1eed d\u1ee5ng ngay l\u1eadp t\u1ee9c.<\/span><\/p>\n<p data-start=\"1272\" data-end=\"1454\"><span style=\"color: #282828;\">Nh\u1edd \u0111\u1ea7u b\u00fat \u0111\u01b0\u1ee3c thi\u1ebft k\u1ebf t\u1ed1i \u01b0u cho b\u1ec1 m\u1eb7t c\u1ea3m \u1ee9ng, c\u00e1c thao t\u00e1c vi\u1ebft v\u00e0 v\u1ebd tr\u1edf n\u00ean r\u00f5 n\u00e9t, li\u1ec1n m\u1ea1ch h\u01a1n, h\u1ea1n ch\u1ebf t\u00ecnh tr\u1ea1ng ch\u1ea1m sai ho\u1eb7c n\u00e9t vi\u1ebft thi\u1ebfu ch\u00ednh x\u00e1c khi s\u1eed d\u1ee5ng tay.<\/span><\/p>\n<p data-start=\"1272\" data-end=\"1454\">H\u00ccNH<\/p>\n<h3 data-start=\"1461\" data-end=\"1506\"><strong><span style=\"color: #282828;\">\u0110\u1eb7c \u0111i\u1ec3m n\u1ed5i b\u1eadt c\u1ee7a b\u00fat c\u1ea3m \u1ee9ng \u0111i\u1ec7n dung<\/span><\/strong><\/h3>\n<ul>\n<li data-start=\"1510\" data-end=\"1676\"><strong><span style=\"color: #282828;\">C\u1ea3m \u1ee9ng nh\u1ea1y v\u00e0 \u1ed5n \u0111\u1ecbnh: <\/span><\/strong><span style=\"color: #282828;\">Nh\u1eadn di\u1ec7n ch\u00ednh x\u00e1c t\u1eebng \u0111i\u1ec3m ch\u1ea1m, ph\u1ea3n h\u1ed3i nhanh, gi\u00fap n\u00e9t vi\u1ebft t\u1ef1 nhi\u00ean v\u00e0 li\u1ec1n m\u1ea1ch, ph\u00f9 h\u1ee3p cho c\u1ea3 ghi ch\u00fa nhanh l\u1eabn v\u1ebd chi ti\u1ebft.<\/span><\/li>\n<li data-start=\"1510\" data-end=\"1676\"><strong><span style=\"color: #282828;\">\u0110\u1ea7u b\u00fat m\u1ec1m \u2013 an to\u00e0n cho m\u00e0n h\u00ecnh: <\/span><\/strong><span style=\"color: #282828;\">\u0110\u1ea7u b\u00fat \u0111\u01b0\u1ee3c l\u00e0m t\u1eeb v\u1eadt li\u1ec7u m\u1ec1m cao c\u1ea5p, kh\u00f4ng g\u00e2y tr\u1ea7y x\u01b0\u1edbc b\u1ec1 m\u1eb7t k\u00ednh, b\u1ea3o v\u1ec7 m\u00e0n h\u00ecnh trong su\u1ed1t qu\u00e1 tr\u00ecnh s\u1eed d\u1ee5ng l\u00e2u d\u00e0i.<\/span><\/li>\n<li data-start=\"1510\" data-end=\"1676\"><span style=\"color: #282828;\"><strong>Thi\u1ebft k\u1ebf c\u00f4ng th\u00e1i h\u1ecdc, d\u1ec5 c\u1ea7m n\u1eafm:<\/strong> <\/span><span style=\"color: #282828;\">Th\u00e2n b\u00fat g\u1ecdn nh\u1eb9, c\u00e2n \u0111\u1ed1i, t\u1ea1o c\u1ea3m gi\u00e1c tho\u1ea3i m\u00e1i khi s\u1eed d\u1ee5ng trong th\u1eddi gian d\u00e0i m\u00e0 kh\u00f4ng g\u00e2y m\u1ecfi tay.<\/span><span style=\"color: #282828;\">T\u01b0\u01a1ng th\u00edch r\u1ed9ng r\u00e3i: <\/span><\/li>\n<li data-start=\"1510\" data-end=\"1676\"><span style=\"color: #282828;\"><strong>Ho\u1ea1t \u0111\u1ed9ng t\u1ed1t v\u1edbi h\u1ea7u h\u1ebft c\u00e1c lo\u1ea1i m\u00e0n h\u00ecnh c\u1ea3m \u1ee9ng \u0111i\u1ec7n dung hi\u1ec7n nay nh\u01b0:<\/strong> m\u00e0n h\u00ecnh t\u01b0\u01a1ng t\u00e1c th\u00f4ng minh, b\u1ea3ng t\u01b0\u01a1ng t\u00e1c, m\u00e0n h\u00ecnh Android, Windows, kiosk c\u1ea3m \u1ee9ng\u2026<\/span><\/li>\n<li data-start=\"1510\" data-end=\"1676\"><strong><span style=\"color: #282828;\">Kh\u00f4ng pin \u2013 kh\u00f4ng s\u1ea1c \u2013 kh\u00f4ng k\u1ebft n\u1ed1i: <\/span><\/strong><span style=\"color: #282828;\">C\u1ea5u t\u1ea1o \u0111\u01a1n gi\u1ea3n, b\u1ec1n b\u1ec9, d\u1ec5 b\u1ea3o qu\u1ea3n v\u00e0 s\u1eed d\u1ee5ng, ph\u00f9 h\u1ee3p cho m\u00f4i tr\u01b0\u1eddng l\u00e0m vi\u1ec7c li\u00ean t\u1ee5c nh\u01b0 tr\u01b0\u1eddng h\u1ecdc v\u00e0 doanh nghi\u1ec7p.<\/span><\/li>\n<\/ul>\n<p>H\u00ccNH<\/p>\n<h3 data-start=\"2377\" data-end=\"2422\"><strong><span style=\"color: #282828;\">\u1ee8ng d\u1ee5ng th\u1ef1c t\u1ebf c\u1ee7a b\u00fat c\u1ea3m \u1ee9ng \u0111i\u1ec7n dung<\/span><\/strong><\/h3>\n<ul>\n<li data-start=\"2426\" data-end=\"2604\"><strong><span style=\"color: #282828;\">Trong gi\u00e1o d\u1ee5c: <\/span><\/strong><span style=\"color: #282828;\">Gi\u00e1o vi\u00ean v\u00e0 gi\u1ea3ng vi\u00ean d\u1ec5 d\u00e0ng vi\u1ebft b\u1ea3ng, ch\u00fa th\u00edch, minh h\u1ecda n\u1ed9i dung b\u00e0i gi\u1ea3ng tr\u1ef1c ti\u1ebfp tr\u00ean m\u00e0n h\u00ecnh t\u01b0\u01a1ng t\u00e1c, gi\u00fap b\u00e0i h\u1ecdc sinh \u0111\u1ed9ng v\u00e0 d\u1ec5 hi\u1ec3u h\u01a1n.<\/span><\/li>\n<li data-start=\"2426\" data-end=\"2604\"><strong><span style=\"color: #282828;\">Trong doanh nghi\u1ec7p: <\/span><\/strong><span style=\"color: #282828;\">H\u1ed7 tr\u1ee3 tr\u00ecnh b\u00e0y \u00fd t\u01b0\u1edfng, ghi ch\u00fa nhanh, v\u1ebd s\u01a1 \u0111\u1ed3 t\u01b0 duy trong c\u00e1c bu\u1ed5i h\u1ecdp, h\u1ed9i th\u1ea3o, thuy\u1ebft tr\u00ecnh hay brainstorming nh\u00f3m.<\/span><\/li>\n<li data-start=\"2426\" data-end=\"2604\"><strong><span style=\"color: #282828;\">Trong b\u00e1n l\u1ebb &amp; tr\u01b0ng b\u00e0y: <\/span><\/strong><span style=\"color: #282828;\">Cho ph\u00e9p kh\u00e1ch h\u00e0ng thao t\u00e1c tr\u1ef1c ti\u1ebfp tr\u00ean m\u00e0n h\u00ecnh c\u1ea3m \u1ee9ng, tra c\u1ee9u th\u00f4ng tin, l\u1ef1a ch\u1ecdn s\u1ea3n ph\u1ea9m ho\u1eb7c tr\u1ea3i nghi\u1ec7m n\u1ed9i dung t\u01b0\u01a1ng t\u00e1c m\u1ed9t c\u00e1ch tr\u1ef1c quan.<\/span><\/li>\n<\/ul>\n<p>H\u00ccNH<\/p>\n<h3 data-start=\"2956\" data-end=\"3024\"><strong><span style=\"color: #282828;\">L\u1ee3i \u00edch khi s\u1eed d\u1ee5ng b\u00fat c\u1ea3m \u1ee9ng \u0111i\u1ec7n dung c\u00f9ng m\u00e0n h\u00ecnh t\u01b0\u01a1ng t\u00e1c<\/span><\/strong><\/h3>\n<ul>\n<li data-start=\"3028\" data-end=\"3104\"><span style=\"color: #282828;\">T\u0103ng \u0111\u1ed9 ch\u00ednh x\u00e1c v\u00e0 t\u00ednh chuy\u00ean nghi\u1ec7p khi vi\u1ebft, v\u1ebd v\u00e0 tr\u00ecnh b\u00e0y n\u1ed9i dung<\/span><\/li>\n<li data-start=\"3028\" data-end=\"3104\"><span style=\"color: #282828;\">N\u00e2ng cao tr\u1ea3i nghi\u1ec7m t\u01b0\u01a1ng t\u00e1c nh\u00f3m, \u0111\u1eb7c bi\u1ec7t trong m\u00f4i tr\u01b0\u1eddng h\u1ecdp v\u00e0 \u0111\u00e0o t\u1ea1o<\/span><\/li>\n<li data-start=\"3028\" data-end=\"3104\"><span style=\"color: #282828;\">Gi\u1ea3m v\u1ebft b\u1ea9n, h\u1ea1n ch\u1ebf d\u1ea5u v\u00e2n tay tr\u00ean b\u1ec1 m\u1eb7t m\u00e0n h\u00ecnh<\/span><\/li>\n<li data-start=\"3028\" data-end=\"3104\"><span style=\"color: #282828;\">Gi\u00fap thao t\u00e1c m\u01b0\u1ee3t m\u00e0, d\u1ec5 ki\u1ec3m so\u00e1t n\u1ed9i dung h\u01a1n so v\u1edbi ch\u1ea1m tay<\/span><\/li>\n<\/ul>\n<p>H\u00ccNH<\/p>\n<h3><span style=\"color: #282828;\"><strong>ADSZONE &#8211; \u0110\u01a1n V\u1ecb L\u1eafp \u0110\u1eb7t T\u1ed1i \u01afu Hi\u1ec3n Th\u1ecb, Thi C\u00f4ng Chuy\u00ean Nghi\u1ec7p<\/strong><\/span><\/h3>\n<p data-start=\"163\" data-end=\"626\"><span style=\"color: #282828;\">V\u1edbi h\u01a1n 15 n\u0103m kinh nghi\u1ec7m trong l\u0129nh v\u1ef1c Digital Signage, ADSzone kh\u1eb3ng \u0111\u1ecbnh v\u1ecb th\u1ebf l\u00e0 \u0111\u01a1n v\u1ecb ti\u00ean phong trong ph\u00e2n ph\u1ed1i v\u00e0 tri\u1ec3n khai c\u00e1c gi\u1ea3i ph\u00e1p <span style=\"color: #000080;\"><a style=\"color: #000080;\" href=\"https:\/\/adszone.vn\/en\/man-hinh-quang-cao\/\"><strong>advertising screen<\/strong><\/a><\/span> chuy\u00ean d\u1ee5ng tr\u00ean to\u00e0n qu\u1ed1c. Ch\u00fang t\u00f4i cung c\u1ea5p gi\u1ea3i ph\u00e1p hi\u1ec3n th\u1ecb t\u1ed5ng th\u1ec3, \u0111\u1ed3ng h\u00e0nh c\u00f9ng doanh nghi\u1ec7p xuy\u00ean su\u1ed1t t\u1eeb t\u01b0 v\u1ea5n gi\u1ea3i ph\u00e1p, thi\u1ebft k\u1ebf, l\u1eafp \u0111\u1eb7t \u0111\u1ebfn v\u1eadn h\u00e0nh v\u00e0 b\u1ea3o tr\u00ec, gi\u00fap t\u1ed1i \u01b0u hi\u1ec7u qu\u1ea3 truy\u1ec1n th\u00f4ng v\u00e0 n\u00e2ng cao tr\u1ea3i nghi\u1ec7m kh\u00e1ch h\u00e0ng t\u1ea1i m\u1ecdi \u0111i\u1ec3m ti\u1ebfp x\u00fac th\u01b0\u01a1ng hi\u1ec7u.<\/span><\/p>\n<p data-start=\"628\" data-end=\"657\"><span style=\"color: #282828;\"><strong data-start=\"628\" data-end=\"657\">ADSzone cam k\u1ebft mang \u0111\u1ebfn:<\/strong><\/span><\/p>\n<ul>\n<li data-start=\"660\" data-end=\"747\"><span style=\"color: #282828;\">Ch\u00ednh s\u00e1ch b\u1ea3o h\u00e0nh l\u00ean \u0111\u1ebfn 24 th\u00e1ng, \u0111\u1ea3m b\u1ea3o an t\u00e2m trong su\u1ed1t qu\u00e1 tr\u00ecnh s\u1eed d\u1ee5ng<\/span><\/li>\n<li data-start=\"660\" data-end=\"747\"><span style=\"color: #282828;\">Gi\u1ea3i ph\u00e1p hi\u1ec3n th\u1ecb tr\u1ecdn g\u00f3i, t\u1ed1i \u01b0u chi ph\u00ed v\u00e0 th\u1eddi gian tri\u1ec3n khai<\/span><\/li>\n<li data-start=\"660\" data-end=\"747\"><span style=\"color: #282828;\">\u0110\u1ed9i ng\u0169 k\u1ef9 thu\u1eadt h\u1ed7 tr\u1ee3 t\u1eadn n\u01a1i, ph\u1ea3n h\u1ed3i nhanh ch\u00f3ng, chuy\u00ean nghi\u1ec7p v\u00e0 hi\u1ec7u qu\u1ea3<\/span><\/li>\n<\/ul>\n<p>H\u00ccNH &#8211; ADSzone \u0110\u01a1n V\u1ecb L\u1eafp \u0110\u1eb7t T\u1ed1i \u01afu Hi\u1ec3n Th\u1ecb, Thi C\u00f4ng Chuy\u00ean Nghi\u1ec7p<\/p>\n<p><span style=\"color: #282828;\">Ch\u00fang t\u00f4i c\u00f3 m\u1eb7t t\u1ea1i 2 t\u1ec9nh th\u00e0nh (H\u1ed3 Ch\u00ed Minh &amp; H\u00e0 N\u1ed9i) \u0111\u1ec3 \u0111\u00e1p \u1ee9ng nhanh y\u00eau c\u1ea7u l\u1eafp \u0111\u1eb7t, b\u1ea3o h\u00e0nh v\u00e0 h\u1ed7 tr\u1ee3 k\u1ef9 thu\u1eadt t\u1eadn n\u01a1i cho kh\u00e1ch h\u00e0ng doanh nghi\u1ec7p, chu\u1ed7i c\u00e1c c\u1eeda h\u00e0ng, doanh nghi\u1ec7p v\u00e0 \u0111\u1ed1i t\u00e1c d\u1ef1 \u00e1n.\u00a0M\u1ed7i k\u1ef9 thu\u1eadt vi\u00ean ADSzone kh\u00f4ng ch\u1ec9 l\u00e0 ng\u01b0\u1eddi l\u1eafp \u0111\u1eb7t thi\u1ebft b\u1ecb, m\u00e0 c\u00f2n l\u00e0 chuy\u00ean gia \u0111\u1ed3ng h\u00e0nh, gi\u00fap kh\u00e1ch h\u00e0ng v\u1eadn h\u00e0nh h\u1ec7 th\u1ed1ng hi\u1ec3n th\u1ecb hi\u1ec7u qu\u1ea3 v\u00e0 \u1ed5n \u0111\u1ecbnh l\u00e2u d\u00e0i.<\/span><\/p>\n<figure id=\"attachment_5779\" aria-describedby=\"caption-attachment-5779\" style=\"width: 1200px\" class=\"wp-caption aligncenter\"><img loading=\"lazy\" decoding=\"async\" class=\"size-full wp-image-5779\" src=\"https:\/\/adszone.vn\/wp-content\/uploads\/2025\/09\/adszone-co-hai-chi-nhanh.webp\" alt=\"ADSzone C\u00f3 2 Chi Nh\u00e1nh Tr\u00ean To\u00e0n Qu\u1ed1c: H\u00e0 N\u1ed9i &amp; H\u1ed3 Ch\u00ed Minh\" width=\"1200\" height=\"1200\" srcset=\"https:\/\/adszone.vn\/wp-content\/uploads\/2025\/09\/adszone-co-hai-chi-nhanh.webp 1200w, https:\/\/adszone.vn\/wp-content\/uploads\/2025\/09\/adszone-co-hai-chi-nhanh-300x300.webp 300w, https:\/\/adszone.vn\/wp-content\/uploads\/2025\/09\/adszone-co-hai-chi-nhanh-1024x1024.webp 1024w, https:\/\/adszone.vn\/wp-content\/uploads\/2025\/09\/adszone-co-hai-chi-nhanh-150x150.webp 150w, https:\/\/adszone.vn\/wp-content\/uploads\/2025\/09\/adszone-co-hai-chi-nhanh-768x768.webp 768w, https:\/\/adszone.vn\/wp-content\/uploads\/2025\/09\/adszone-co-hai-chi-nhanh-12x12.webp 12w, https:\/\/adszone.vn\/wp-content\/uploads\/2025\/09\/adszone-co-hai-chi-nhanh-100x100.webp 100w\" sizes=\"auto, (max-width: 1200px) 100vw, 1200px\" \/><figcaption id=\"caption-attachment-5779\" class=\"wp-caption-text\">ADSzone C\u00f3 2 Chi Nh\u00e1nh Tr\u00ean To\u00e0n Qu\u1ed1c: H\u00e0 N\u1ed9i &amp; H\u1ed3 Ch\u00ed Minh<\/figcaption><\/figure>\n<p><span data-sheets-root=\"1\"><span style=\"color: #ed1c24;\"><strong><em>ADSzone | C\u00f4ng ty TNHH Innolux Vi\u1ec7t Nam<\/em><\/strong><\/span><br \/>\n<span style=\"color: #282828;\">Hotline\/ Zalo: <strong>0964 150 484 &#8211; 0967 898 798<\/strong>\u00a0<\/span><br \/>\n<span style=\"color: #282828;\">Website<\/span>:\u00a0<strong><span style=\"color: #0000ff;\"><a style=\"color: #0000ff;\" href=\"https:\/\/adszone.vn\/en\/\">https:\/\/adszone.vn\/<\/a><\/span><br \/>\n<span style=\"color: #282828;\">\u2013 V\u0103n ph\u00f2ng HCM:\u00a0<\/span><\/strong><span style=\"color: #282828;\">A60 &amp; 106 T\u00f4 K\u00fd, Ph\u01b0\u1eddng \u0110\u00f4ng H\u01b0ng Thu\u1eadn, TP.HCM<strong><br \/>\n<\/strong><\/span><\/span><span style=\"color: #282828;\" data-sheets-root=\"1\"><strong>\u2013 V\u0103n ph\u00f2ng H\u00e0 N\u1ed9i<\/strong>: S\u1ed1 15, ng\u00f5 1, Ph\u1ed1 H\u1ed3ng \u0110\u00f4, P. Ph\u00fa \u0110\u00f4, Q. Nam T\u1eeb Li\u00eam, HN\u00a0<\/span><\/p>\n<p><span style=\"color: #282828;\" data-sheets-root=\"1\">Theo d\u00f5i ch\u00fang t\u00f4i qua c\u00e1c n\u1ec1n t\u1ea3ng kh\u00e1c:<br \/>\n<\/span><\/p>\n<ul>\n<li><span style=\"color: #282828;\" data-sheets-root=\"1\">Email: sales@adszone.vn\u00a0 \u00a0<\/span><\/li>\n<li><span data-sheets-root=\"1\"><span style=\"color: #282828;\">Fanpage:<\/span> <span style=\"color: #0000ff;\"><strong>manhinhadszone<\/strong><\/span><\/span><\/li>\n<li><span data-sheets-root=\"1\"><span style=\"color: #282828;\">TikTok: <\/span>:<span style=\"color: #0000ff;\"><strong><a style=\"color: #0000ff;\" href=\"https:\/\/www.tiktok.com\/@manhinhadszone\" target=\"_blank\" rel=\"noopener\">manhinhadszone<\/a><\/strong><\/span><\/span><\/li>\n<li><span data-sheets-root=\"1\"><span style=\"color: #282828;\">Instagram:<\/span> <span style=\"color: #0000ff;\"><strong><a class=\"in-cell-link\" style=\"color: #0000ff;\" href=\"https:\/\/www.instagram.com\/adszone.vn_\/\" target=\"_blank\" rel=\"noopener\">adszone.vn_<\/a><\/strong><\/span><\/span><\/li>\n<li><span data-sheets-root=\"1\"><span style=\"color: #282828;\">Youtube:<\/span> <span style=\"color: #0000ff;\"><a style=\"color: #0000ff;\" href=\"https:\/\/www.youtube.com\/@manhinh.adszone\" target=\"_blank\" rel=\"noopener\"><strong>@manhinh.adszone<\/strong><\/a><\/span><\/span><\/li>\n<li><span data-sheets-root=\"1\"><span style=\"color: #282828;\">Google maps: <\/span><span style=\"color: #0000ff;\"><strong><a class=\"in-cell-link\" style=\"color: #0000ff;\" href=\"https:\/\/www.google.com\/maps\/place\/M%C3%A0n+H%C3%ACnh+Qu%E1%BA%A3ng+C%C3%A1o+ADSZone\/@10.8487068,106.6338082,17z\/data=!3m1!4b1!4m6!3m5!1s0x3175292d7fc9a7cb:0x886da1dfeeb017f0!8m2!3d10.8487068!4d106.6338082!16s%2Fg%2F11xkptfp50?hl=en-GB&amp;entry=ttu&amp;g_ep=EgoyMDI1MDYyMi4wIKXMDSoASAFQAw%3D%3D\" target=\"_blank\" rel=\"noopener\">Link<\/a><\/strong><\/span><\/span><\/li>\n<\/ul>","protected":false},"excerpt":{"rendered":"<h2 style=\"text-align: justify;\"><span style=\"color: #282828; font-size: 16px;\"><span style=\"font-weight: 400;\">B\u00fat c\u1ea3m \u1ee9ng \u0111i\u1ec7n dung l\u00e0 ph\u1ee5 ki\u1ec7n h\u1ed7 tr\u1ee3 thao t\u00e1c ch\u00ednh x\u00e1c tr\u00ean m\u00e0n h\u00ecnh t\u01b0\u01a1ng t\u00e1c, gi\u00fap vi\u1ebft, v\u1ebd, ghi ch\u00fa v\u00e0 \u0111i\u1ec1u khi\u1ec3n n\u1ed9i dung m\u01b0\u1ee3t m\u00e0 h\u01a1n. Thi\u1ebft k\u1ebf g\u1ecdn nh\u1eb9, \u0111\u1ea7u b\u00fat m\u1ec1m kh\u00f4ng g\u00e2y tr\u1ea7y x\u01b0\u1edbc, kh\u00f4ng c\u1ea7n pin hay k\u1ebft n\u1ed1i, t\u01b0\u01a1ng th\u00edch v\u1edbi h\u1ea7u h\u1ebft c\u00e1c m\u00e0n h\u00ecnh c\u1ea3m \u1ee9ng \u0111i\u1ec7n dung trong gi\u00e1o d\u1ee5c, doanh nghi\u1ec7p v\u00e0 tr\u01b0ng b\u00e0y.\u00a0<\/span><\/span><\/h2>","protected":false},"featured_media":4790,"comment_status":"open","ping_status":"closed","template":"","meta":{"inline_featured_image":false},"product_brand":[],"product_cat":[54,55,52],"product_tag":[],"class_list":{"0":"post-4788","1":"product","2":"type-product","3":"status-publish","4":"has-post-thumbnail","6":"product_cat-phu-kien-man-hinh-tuong-tac","7":"product_cat-but","8":"product_cat-man-hinh-tuong-tac","10":"first","11":"instock","12":"taxable","13":"shipping-taxable","14":"product-type-simple"},"acf":[],"_links":{"self":[{"href":"https:\/\/adszone.vn\/en\/wp-json\/wp\/v2\/product\/4788","targetHints":{"allow":["GET"]}}],"collection":[{"href":"https:\/\/adszone.vn\/en\/wp-json\/wp\/v2\/product"}],"about":[{"href":"https:\/\/adszone.vn\/en\/wp-json\/wp\/v2\/types\/product"}],"replies":[{"embeddable":true,"href":"https:\/\/adszone.vn\/en\/wp-json\/wp\/v2\/comments?post=4788"}],"wp:featuredmedia":[{"embeddable":true,"href":"https:\/\/adszone.vn\/en\/wp-json\/wp\/v2\/media\/4790"}],"wp:attachment":[{"href":"https:\/\/adszone.vn\/en\/wp-json\/wp\/v2\/media?parent=4788"}],"wp:term":[{"taxonomy":"product_brand","embeddable":true,"href":"https:\/\/adszone.vn\/en\/wp-json\/wp\/v2\/product_brand?post=4788"},{"taxonomy":"product_cat","embeddable":true,"href":"https:\/\/adszone.vn\/en\/wp-json\/wp\/v2\/product_cat?post=4788"},{"taxonomy":"product_tag","embeddable":true,"href":"https:\/\/adszone.vn\/en\/wp-json\/wp\/v2\/product_tag?post=4788"}],"curies":[{"name":"wp","href":"https:\/\/api.w.org\/{rel}","templated":true}]}}