{"id":9098,"date":"2026-04-09T11:55:43","date_gmt":"2026-04-09T04:55:43","guid":{"rendered":"https:\/\/adszone.vn\/?post_type=product&#038;p=9098"},"modified":"2026-04-09T14:38:29","modified_gmt":"2026-04-09T07:38:29","slug":"man-hinh-quang-cao-lcd-thanh-dai-101-inch-customize-lcd-display","status":"publish","type":"product","link":"https:\/\/adszone.vn\/en\/product\/man-hinh-quang-cao-lcd-thanh-dai-101-inch-customize-lcd-display\/","title":{"rendered":"M\u00e0n H\u00ecnh Qu\u1ea3ng C\u00e1o LCD Thanh D\u00e0i 10\u20191 Inch\/ Customize LCD Display"},"content":{"rendered":"<h3 style=\"text-align: justify;\">H\u00ccNH<\/h3>\n<h3 style=\"text-align: justify;\"><span style=\"color: #282828;\"><strong>V\u00ec Sao \u0110\u00e2y L\u00e0 L\u1ef1a Ch\u1ecdn V\u00e0ng Cho Chi\u1ebfn L\u01b0\u1ee3c Branding C\u1ee7a B\u1ea1n?<\/strong><\/span><\/h3>\n<h4 style=\"text-align: justify;\"><span style=\"color: #282828;\"><strong>T\u1ef7 l\u1ec7 \u201cv\u00e0ng\u201d cho s\u1ef1 kh\u00e1c bi\u1ec7t:<\/strong><\/span><\/h4>\n<ul style=\"text-align: justify;\">\n<li><span style=\"font-weight: 400; color: #282828;\">H\u00ecnh d\u00e1ng thanh d\u00e0i t\u1ea1o ra m\u1ed9t c\u00fa ch\u1ea1m th\u1ecb gi\u00e1c m\u1ea1nh m\u1ebd. N\u00f3 len l\u1ecfi v\u00e0o nh\u1eefng v\u1ecb tr\u00ed m\u00e0 m\u00e0n h\u00ecnh th\u01b0\u1eddng kh\u00f4ng th\u1ec3 ch\u1ea1m t\u1edbi, bi\u1ebfn nh\u1eefng g\u00f3c khu\u1ea5t, c\u1ea1nh k\u1ec7 hay v\u00e1ch h\u1eb9p th\u00e0nh m\u1ed9t s\u00e0n \u0111i\u1ec5n qu\u1ea3ng c\u00e1o \u0111\u1eb3ng c\u1ea5p.<\/span><\/li>\n<\/ul>\n<h4 style=\"text-align: justify;\"><span style=\"color: #282828;\"><strong>Hi\u1ec7u n\u0103ng m\u1ea1nh m\u1ebd v\u1edbi Android 13<\/strong><\/span><\/h4>\n<ul style=\"text-align: justify;\">\n<li><span style=\"font-weight: 400; color: #282828;\">M\u00e0n h\u00ecnh qu\u1ea3ng c\u00e1o LCD thanh d\u00e0i 10.1 inch trang b\u1ecb c\u1ea5u h\u00ecnh Octa-core m\u1ea1nh m\u1ebd nh\u1ea5t trong ph\u00e2n kh\u00fac \u0111\u1ec3 \u0111\u1ea3 b\u1ea3o m\u1ecdi chuy\u1ec3n \u0111\u1ed9ng h\u00ecnh \u1ea3nh \u0111\u1ec1u m\u01b0\u1ee3t m\u00e0. S\u1ebd kh\u00f4ng c\u00f3 hi\u1ec7n t\u01b0\u1ee3ng gi\u1eadt lag l\u00e0m gi\u00e1n \u0111o\u1ea1n c\u1ea3m x\u00fac c\u1ee7a kh\u00e1ch h\u00e0ng.<\/span><\/li>\n<\/ul>\n<h4 style=\"text-align: justify;\"><strong><span style=\"color: #282828;\">S\u1ea5c m\u00e0u r\u1ef1c r\u1ee1 t\u1eeb t\u1ea5m n\u1ec1n AUO A+:<\/span><\/strong><\/h4>\n<ul style=\"text-align: justify;\">\n<li><span style=\"color: #282828;\">Kh\u00f4ng ph\u1ea3i m\u1ecdi m\u00e0n h\u00ecnh LCD \u0111\u1ec1u gi\u1ed1ng nhau. V\u1edbi t\u1ea5m n\u1ec1n AUO ch\u00ednh h\u00e3ng, h\u00ecnh \u1ea3nh \u0111\u1ea1t \u0111\u1ed9 trong tr\u1ebbo tuy\u1ec7t \u0111\u1ed1i, m\u00e0u s\u1eafc ch\u00e2n th\u1ef1c \u0111\u1ebfn t\u1eebng \u0111i\u1ec3m \u1ea3nh, gi\u00fap s\u1ea3n ph\u1ea9m c\u1ee7a b\u1ea1n hi\u1ec7n l\u00ean lung linh v\u00e0 sang tr\u1ecdng nh\u1ea5t d\u01b0\u1edbi m\u1ecdi g\u00f3c nh\u00ecn 178\u00b0.\u00a0<\/span><\/li>\n<\/ul>\n<h4 style=\"text-align: justify;\"><strong><span style=\"color: #282828;\">S\u1ef1 b\u1ec1n b\u1ec9 c\u1ee7a m\u1ed9t chi\u1ebfn binh th\u1ef1c th\u1ee5<\/span><\/strong><\/h4>\n<ul style=\"text-align: justify;\">\n<li><span style=\"font-weight: 400; color: #282828;\">\u0110\u01b0\u1ee3c t\u00f4i luy\u1ec7n \u0111\u1ec3 ho\u1ea1t \u0111\u1ed9ng 24\/7, tu\u1ed5i th\u1ecd LED l\u00ean \u0111\u1ebfn 60.000 gi\u1edd, \u0111\u00e2y l\u00e0 s\u1ef1 \u0111\u1ea7u t\u01b0 d\u00e0i h\u1ea1n. B\u1ea1n ch\u1ec9 c\u1ea7n l\u1eafp \u0111\u1eb7t m\u1ed9t l\u1ea7n, m\u00e0n h\u00ecnh s\u1ebd t\u1ef1 \u0111\u1ed9ng v\u1eadn h\u00e0nh, t\u1ef1 \u0111\u1ed9ng t\u1ecfa s\u00e1ng m\u00e0 kh\u00f4ng c\u1ea7n b\u1ea5t k\u1ef3 s\u1ef1 can thi\u1ec7p th\u1ee7 c\u00f4ng n\u00e0o.<\/span><\/li>\n<\/ul>\n<p style=\"text-align: justify;\">H\u00ccNH<\/p>\n<h3 style=\"text-align: justify;\"><strong><span style=\"color: #282828;\">\u0110\u1ed1i T\u01b0\u1ee3ng S\u1eed D\u1ee5ng V\u00e0 V\u1ecb Tr\u00ed L\u1eafp \u0110\u1eb7t M\u00e0n H\u00ecnh Qu\u1ea3ng C\u00e1o LCD Thanh D\u00e0i Ph\u00f9 H\u1ee3p<\/span><\/strong><\/h3>\n<h4 style=\"text-align: justify;\"><strong><span style=\"color: #282828;\">\u0110\u1ed1i t\u01b0\u1ee3ng s\u1eed d\u1ee5ng<\/span><\/strong><\/h4>\n<ul style=\"text-align: justify;\">\n<li><span style=\"color: #282828;\"><b>Nh\u00e0 b\u00e1n l\u1ebb hi\u1ec7n \u0111\u1ea1i:<\/b><span style=\"font-weight: 400;\"> Si\u00eau th\u1ecb, c\u1eeda h\u00e0ng ti\u1ec7n l\u1ee3i, showroom m\u1ef9 ph\u1ea9m\/th\u1eddi trang.<\/span><\/span><\/li>\n<li><span style=\"color: #282828;\"><b>Chu\u1ed7i F&amp;B:<\/b><span style=\"font-weight: 400;\"> Nh\u00e0 h\u00e0ng, qu\u00e1n cafe, bar cao c\u1ea5p.<\/span><\/span><\/li>\n<li><span style=\"color: #282828;\"><b>\u0110\u01a1n v\u1ecb n\u1ed9i th\u1ea5t &amp; Th\u1ea7u x\u00e2y d\u1ef1ng:<\/b><span style=\"font-weight: 400;\"> T\u00edch h\u1ee3p c\u00f4ng ngh\u1ec7 v\u00e0o kh\u00f4ng gian s\u1ed1ng th\u00f4ng minh.<\/span><\/span><\/li>\n<\/ul>\n<h4 style=\"text-align: justify;\"><strong><span style=\"color: #282828;\">V\u1ecb tr\u00ed l\u1eafp \u0111\u1eb7t<\/span><\/strong><\/h4>\n<ul style=\"text-align: justify;\">\n<li><span style=\"color: #282828;\"><b>M\u00e9p k\u1ec7 h\u00e0ng (Shelf-edge):<\/b><span style=\"font-weight: 400;\"> Hi\u1ec3n th\u1ecb gi\u00e1 v\u00e0 video qu\u1ea3ng c\u00e1o ch\u1ea1y d\u1ecdc theo s\u1ea3n ph\u1ea9m.<\/span><\/span><\/li>\n<li><span style=\"color: #282828;\"><b>Qu\u1ea7y thanh to\u00e1n (POS):<\/b><span style=\"font-weight: 400;\"> K\u00edch c\u1ea7u mua s\u1eafm b\u1ed5 sung ngay t\u1ea1i \u0111i\u1ec3m ch\u1ed1t sale.<\/span><\/span><\/li>\n<li><span style=\"color: #282828;\"><b>Thang m\u00e1y &amp; H\u00e0nh lang:<\/b><span style=\"font-weight: 400;\"> T\u1ed1i \u01b0u h\u00f3a kh\u00f4ng gian h\u1eb9p trong c\u00e1c t\u00f2a nh\u00e0, kh\u00e1ch s\u1ea1n.<\/span><\/span><\/li>\n<li><span style=\"color: #282828;\"><b>T\u1ee7 k\u00ednh tr\u01b0ng b\u00e0y:<\/b><span style=\"font-weight: 400;\"> Nh\u00e3n th\u00f4ng tin \u0111i\u1ec7n t\u1eed cho c\u00e1c d\u00f2ng h\u00e0ng xa x\u1ec9.<\/span><\/span><\/li>\n<\/ul>\n<p style=\"text-align: justify;\">H\u00ccNH<\/p>\n<h3 style=\"text-align: justify;\"><strong><span style=\"color: #282828;\">\u0110\u1eb7c \u0110i\u1ec3m C\u1ea5u T\u1ea1o C\u1ee7a M\u00e0n H\u00ecnh Qu\u1ea3ng C\u00e1o LCD Thanh D\u00e0i 10.1 Inch<\/span><\/strong><\/h3>\n<ul style=\"text-align: justify;\">\n<li><span style=\"font-weight: 400; color: #282828;\">K\u00edch th\u01b0\u1edbc t\u1ed5ng th\u1ec3: Chi\u1ec1u d\u00e0i 540mm x Chi\u1ec1u cao 179mm, t\u1ea1o ra m\u1ed9t d\u1ea3i hi\u1ec3n th\u1ecb ngang v\u00f4 c\u00f9ng thanh tho\u00e1t.<\/span><\/li>\n<li><span style=\"font-weight: 400; color: #282828;\">C\u1ea5u tr\u00fac t\u1ea3n nhi\u1ec7t th\u00f4ng m\u00ecnh: Trang b\u1ecb h\u1ec7 th\u1ed1ng th\u00f4ng gi\u00f3 \u0111\u01b0\u1ee3c b\u1ed1 tr\u00ed khoa h\u1ecdc ph\u00eda sau, gi\u00fap thi\u1ebft b\u1ecb t\u1ea3n nhi\u1ec7t c\u1ef1c nhanh khi ho\u1ea1t \u0111\u1ed9ng 24\/7<\/span><\/li>\n<li><span style=\"font-weight: 400; color: #282828;\">\u00c2m thanh t\u00edch h\u1ee3p: T\u00edch h\u1ee3p s\u1eb5n l\u1ed7 loa k\u00e9p \u1edf m\u1eb7t l\u01b0ng, cho ph\u00e9p video k\u00e8m \u00e2m thanh s\u1ed1ng \u0111\u1ed9ng \u0111\u1ec3 thu h\u00fat s\u1ef1 ch\u00fa \u00fd.<\/span><\/li>\n<\/ul>\n<p style=\"text-align: justify;\">H\u00ccNH<\/p>\n<h3 style=\"text-align: justify;\"><span style=\"color: #282828;\"><b>B\u1ea3n V\u1ebd K\u1ef9 Thu\u1eadt C\u1ee7a M\u00e0n H\u00ecnh Qu\u1ea3ng C\u00e1o Thanh D\u00e0i 10.1 Inch<\/b><\/span><\/h3>\n<p style=\"text-align: justify;\">H\u00ccNH<\/p>\n<h3 style=\"text-align: justify;\"><span style=\"color: #282828;\"><b>Th\u00f4ng S\u1ed1 K\u1ef9 Thu\u1eadt<\/b><\/span><\/h3>\n<p style=\"text-align: justify;\"><span style=\"color: #282828;\"><span style=\"font-weight: 400;\">D\u01b0\u1edbi \u0111\u00e2y l\u00e0 b\u1ea3ng th\u00f4ng s\u1ed1 k\u1ef9 thu\u1eadt c\u1ee7a m\u00e0n h\u00ecnh qu\u1ea3ng c\u00e1o LCD thanh d\u00e0i 10.1 inch:<\/span><\/span><\/p>\n<table style=\"border-collapse: collapse; width: 100%; height: 189px;\">\n<tbody>\n<tr style=\"height: 21px;\">\n<td style=\"width: 21.5606%; height: 19px;\">M\u00e0n hinh<\/td>\n<td style=\"width: 78.4394%; height: 19px;\">IPS LCD Full HD, \u00e1nh s\u00e1ng n\u1ec1n LED\/ (Non-touch)<\/td>\n<\/tr>\n<tr style=\"height: 20px;\">\n<td style=\"width: 21.5606%; height: 19px;\">N\u1ec1n bo m\u1ea1ch m\u00e0n hinh<\/td>\n<td style=\"width: 78.4394%; height: 19px;\">AUO Display Original A+<\/td>\n<\/tr>\n<tr style=\"height: 21px;\">\n<td style=\"width: 21.5606%; height: 21px;\">Configuration<\/td>\n<td style=\"width: 78.4394%; height: 21px;\">527S 64-bit Octa-core Cortex-A55, @1.8 GHz; (GPU): ARM Mali-G52 2EE @600MHz ( Quad-core)\/2GB-LDDDR4X\/ 32GB-eMMC(5.1); H\u1ec7 \u0111i\u1ec1u h\u00e0nh: Google Android\u2122 13; Built-in SoC Digital Signage<\/td>\n<\/tr>\n<tr style=\"height: 21px;\">\n<td style=\"width: 21.5606%; height: 21px;\">Ph\u00e1t tri\u1ec3n \u1ee9ng d\u1ee5ng<\/td>\n<td style=\"width: 78.4394%; height: 21px; text-align: justify;\">H\u1eb9n gi\u1edd t\u1ef1 \u0111\u1ed9ng b\u1eadt \/ t\u1eaft thi\u1ebft b\u1ecb; C\u1eadp nh\u1eadt d\u1eef li\u1ec7u qua di \u0111\u1ed9ng (App Mobile mi\u1ec5n ph\u00ed c\u00f3 s\u1eb5n tr\u00ean CH PLAY v\u00e0 APPSTORE\/ Ho\u1eb7c USB (T\u1eb7ng k\u00e8m); \u00a0App Digital Signage k\u1ebft n\u1ed1i CMS Cloud Platform (Ph\u1ea7n m\u1ec1m qu\u1ea3n l\u00fd t\u1eadp trung qua Internet), Ph\u1ea7n m\u1ec1m c\u00f3 ph\u00ed (Kh\u00f4ng b\u1eaft bu\u1ed9c)<\/td>\n<\/tr>\n<tr style=\"height: 21px;\">\n<td style=\"width: 21.5606%; height: 21px;\">Resolution<\/td>\n<td style=\"width: 78.4394%; height: 21px;\">1280*800; \/ \u0110\u1ed9 s\u00e1ng: 250 cd\/m2 (nits)<\/td>\n<\/tr>\n<tr style=\"height: 21px;\">\n<td style=\"width: 21.5606%; height: 21px;\">G\u00f3c nh\u00ecn to\u00e0n m\u00e0n h\u00ecnh (H\/V)<\/td>\n<td style=\"width: 78.4394%; height: 21px;\">178\u00b0\/178\u00b0<\/td>\n<\/tr>\n<tr style=\"height: 21px;\">\n<td style=\"width: 21.5606%; height: 21px;\">Ports &amp; Interfaces<\/td>\n<td style=\"width: 78.4394%; height: 21px;\">WIFI\/ LAN\/ USB\/ HDMI\/ Speaker<\/td>\n<\/tr>\n<tr style=\"height: 23px;\">\n<td style=\"width: 21.5606%; height: 23px;\">Time of operation<\/td>\n<td style=\"width: 78.4394%; height: 23px;\">Tu\u1ed5i th\u1ecd LED: 60.000 gi\u1edd<\/td>\n<\/tr>\n<tr style=\"height: 23px;\">\n<td style=\"width: 21.5606%; height: 23px;\">Ngu\u1ed3n<\/td>\n<td style=\"width: 78.4394%; height: 23px;\">AC 100~240V\/ 50-60 Hz<\/td>\n<\/tr>\n<\/tbody>\n<\/table>\n<h3 style=\"text-align: justify;\"><strong><span style=\"color: #282828;\">D\u1ea5u \u1ea4n T\u1eeb Nh\u1eefng D\u1ef1 \u00c1n T\u1ea7m C\u1ee1 &#8211; Panasonic<\/span><\/strong><\/h3>\n<p style=\"text-align: justify;\"><span style=\"color: #282828;\"><span style=\"font-weight: 400;\">S\u1ea3n ph\u1ea9m M\u00e0n H\u00ecnh Thanh D\u00e0i 10.1 Inch kh\u00f4ng ch\u1ec9 n\u1eb1m tr\u00ean b\u1ea3n v\u1ebd m\u00e0 l\u00e0 s\u1ef1 b\u1ea3o ch\u1ee9ng b\u1edfi c\u00e1c \u00f4ng l\u1edbn c\u00f4ng ngh\u1ec7. G\u1ea7n \u0111\u00e2y nh\u1ea5t, thi\u1ebft b\u1ecb \u0111\u00e3 \u0111\u01b0\u1ee3c tinh ch\u1ec9nh chuy\u00ean s\u00e2u v\u00e0 tr\u00fang th\u1ea7u d\u1ef1 \u00e1n cung c\u1ea5p <\/span><b>1.100 thi\u1ebft b\u1ecb cho th\u01b0\u01a1ng hi\u1ec7u \u0111i\u1ec7n t\u1eed h\u00e0ng \u0111\u1ea7u Nh\u1eadt B\u1ea3n &#8211; Panasonic<\/b><span style=\"font-weight: 400;\">. Vi\u1ec7c v\u01b0\u1ee3t qua c\u00e1c ti\u00eau chu\u1ea9n ki\u1ec3m \u0111\u1ecbnh kh\u1eaft khe c\u1ee7a Panasonic l\u00e0 minh ch\u1ee9ng r\u00f5 r\u00e0ng nh\u1ea5t cho ch\u1ea5t l\u01b0\u1ee3ng ph\u1ea7n c\u1ee9ng v\u01b0\u1ee3t tr\u1ed9i, \u0111\u1ed9 \u1ed5n \u0111\u1ecbnh tuy\u1ec7t \u0111\u1ed1i v\u00e0 kh\u1ea3 n\u0103ng s\u1ea3n xu\u1ea5t h\u00e0ng lo\u1ea1t \u0111\u00e1p \u1ee9ng ti\u1ebfn \u0111\u1ed9 c\u1ee7a s\u1ea3n ph\u1ea9m n\u00e0y.<\/span><\/span><\/p>\n<h3 style=\"text-align: justify;\"><strong><span style=\"color: #282828;\">Frequently Asked Questions<\/span><\/strong><\/h3>\n<h3><span style=\"color: #282828;\"><strong>C\u00e1ch Th\u1ee9c V\u1eadn H\u00e0nh V\u00e0 C\u1eadp Nh\u1eadt N\u1ed9i Dung L\u00ean Thi\u1ebft B\u1ecb<\/strong><\/span><\/h3>\n<p style=\"text-align: justify;\"><span style=\"color: #282828;\"><span style=\"color: #0000ff;\"><strong><a style=\"color: #0000ff;\" href=\"https:\/\/adszone.vn\/en\/man-hinh-quang-cao\/https:\/\/adszone.vn\/man-hinh-quang-cao\/\"><span style=\"color: #333399;\">Advertising screen<\/span> <\/a><\/strong><\/span>thanh d\u00e0i \u0111\u01b0\u1ee3c thi\u1ebft k\u1ebf v\u1edbi c\u01a1 ch\u1ebf v\u1eadn h\u00e0nh \u0111\u01a1n gi\u1ea3n, linh ho\u1ea1t v\u00e0 d\u1ec5 qu\u1ea3n l\u00fd, gi\u00fap doanh nghi\u1ec7p ch\u1ee7 \u0111\u1ed9ng c\u1eadp nh\u1eadt n\u1ed9i dung qu\u1ea3ng c\u00e1o m\u1ecdi l\u00fac, m\u1ecdi n\u01a1i m\u00e0 kh\u00f4ng t\u1ed1n nhi\u1ec1u th\u1eddi gian hay chi ph\u00ed nh\u00e2n s\u1ef1.<\/span><\/p>\n<p><img loading=\"lazy\" decoding=\"async\" class=\"size-full wp-image-3966\" src=\"https:\/\/adszone.vn\/wp-content\/uploads\/2025\/08\/ba-cach-van-hanh-va-cap-nhat-noi-dung-tren-thiet-bi.webp\" alt=\"Ba C\u00e1ch V\u1eadn H\u00e0nh V\u00e0 C\u1eadp Nh\u1eadt N\u1ed9i Dung Tr\u00ean Thi\u1ebft B\u1ecb\" width=\"1000\" height=\"1617\" srcset=\"https:\/\/adszone.vn\/wp-content\/uploads\/2025\/08\/ba-cach-van-hanh-va-cap-nhat-noi-dung-tren-thiet-bi.webp 1000w, https:\/\/adszone.vn\/wp-content\/uploads\/2025\/08\/ba-cach-van-hanh-va-cap-nhat-noi-dung-tren-thiet-bi-186x300.webp 186w, https:\/\/adszone.vn\/wp-content\/uploads\/2025\/08\/ba-cach-van-hanh-va-cap-nhat-noi-dung-tren-thiet-bi-633x1024.webp 633w, https:\/\/adszone.vn\/wp-content\/uploads\/2025\/08\/ba-cach-van-hanh-va-cap-nhat-noi-dung-tren-thiet-bi-768x1242.webp 768w, https:\/\/adszone.vn\/wp-content\/uploads\/2025\/08\/ba-cach-van-hanh-va-cap-nhat-noi-dung-tren-thiet-bi-950x1536.webp 950w, https:\/\/adszone.vn\/wp-content\/uploads\/2025\/08\/ba-cach-van-hanh-va-cap-nhat-noi-dung-tren-thiet-bi-7x12.webp 7w\" sizes=\"auto, (max-width: 1000px) 100vw, 1000px\" \/><\/p>","protected":false},"excerpt":{"rendered":"<h2 style=\"text-align: justify;\"><span style=\"color: #282828; font-size: 16px;\"><span style=\"font-weight: 400;\">Trong m\u1ed9t th\u1ebf gi\u1edbi m\u00e0 kh\u00e1ch h\u00e0ng b\u1ecb b\u1ee7a v\u00e2y b\u1edfi qu\u00e1 nhi\u1ec1u th\u00f4ng tin, nh\u1eefng chi\u1ebfc m\u00e0n h\u00ecnh 16:9 \u0111\u00f4i khi tr\u1edf n\u00ean qu\u00e1 \u0111\u1ed3 s\u1ed9 v\u00e0 thi\u1ebfu tin t\u1ebf. M\u00e0n h\u00ecnh qu\u1ea3ng c\u00e1o LCD thanh d\u00e0i 10.1 inch ra \u0111\u1eddi \u0111\u1ec3 ph\u00e1 v\u1ee1 gi\u1edbi h\u1ea1n \u0111\u00f3.<\/span><\/span><\/h2>","protected":false},"featured_media":9100,"comment_status":"open","ping_status":"closed","template":"","meta":{"inline_featured_image":false},"product_brand":[],"product_cat":[39,79,15],"product_tag":[],"class_list":{"0":"post-9098","1":"product","2":"type-product","3":"status-publish","4":"has-post-thumbnail","6":"product_cat-thanh-dai","7":"product_cat-san-pham-thiet-ke-theo-yeu-cau","8":"product_cat-uncategorized","10":"first","11":"instock","12":"taxable","13":"shipping-taxable","14":"purchasable","15":"product-type-variable"},"acf":[],"_links":{"self":[{"href":"https:\/\/adszone.vn\/en\/wp-json\/wp\/v2\/product\/9098","targetHints":{"allow":["GET"]}}],"collection":[{"href":"https:\/\/adszone.vn\/en\/wp-json\/wp\/v2\/product"}],"about":[{"href":"https:\/\/adszone.vn\/en\/wp-json\/wp\/v2\/types\/product"}],"replies":[{"embeddable":true,"href":"https:\/\/adszone.vn\/en\/wp-json\/wp\/v2\/comments?post=9098"}],"wp:featuredmedia":[{"embeddable":true,"href":"https:\/\/adszone.vn\/en\/wp-json\/wp\/v2\/media\/9100"}],"wp:attachment":[{"href":"https:\/\/adszone.vn\/en\/wp-json\/wp\/v2\/media?parent=9098"}],"wp:term":[{"taxonomy":"product_brand","embeddable":true,"href":"https:\/\/adszone.vn\/en\/wp-json\/wp\/v2\/product_brand?post=9098"},{"taxonomy":"product_cat","embeddable":true,"href":"https:\/\/adszone.vn\/en\/wp-json\/wp\/v2\/product_cat?post=9098"},{"taxonomy":"product_tag","embeddable":true,"href":"https:\/\/adszone.vn\/en\/wp-json\/wp\/v2\/product_tag?post=9098"}],"curies":[{"name":"wp","href":"https:\/\/api.w.org\/{rel}","templated":true}]}}