{"id":9107,"date":"2026-04-09T14:43:19","date_gmt":"2026-04-09T07:43:19","guid":{"rendered":"https:\/\/adszone.vn\/?post_type=product&#038;p=9107"},"modified":"2026-04-09T14:55:42","modified_gmt":"2026-04-09T07:55:42","slug":"man-hinh-quang-cao-lcd-thanh-dai-20-inch-customize-lcd-display","status":"publish","type":"product","link":"https:\/\/adszone.vn\/en\/product\/man-hinh-quang-cao-lcd-thanh-dai-20-inch-customize-lcd-display\/","title":{"rendered":"M\u00e0n H\u00ecnh Qu\u1ea3ng C\u00e1o LCD Thanh D\u00e0i 20 Inch\/ Customize LCD Display"},"content":{"rendered":"","protected":false},"excerpt":{"rendered":"<h2 style=\"text-align: justify;\"><span style=\"color: #282828; font-size: 16px;\"><span style=\"font-weight: 400;\">Trong th\u1eddi \u0111\u1ea1i m\u00e0 m\u1ecdi &#8220;\u0111i\u1ec3m ch\u1ea1m&#8221; v\u1edbi kh\u00e1ch h\u00e0ng \u0111\u1ec1u c\u00f3 th\u1ec3 bi\u1ebfn th\u00e0nh doanh thu, nh\u1eefng kho\u1ea3ng kh\u00f4ng gian h\u1eb9p nh\u1ea5t c\u0169ng c\u1ea7n \u0111\u01b0\u1ee3c t\u1ed1i \u01b0u h\u00f3a. M\u00e0n H\u00ecnh Qu\u1ea3ng C\u00e1o LCD Thanh D\u00e0i 20 Inch (Customize LCD Display) ch\u00ednh l\u00e0 l\u1eddi gi\u1ea3i ho\u00e0n h\u1ea3o cho b\u00e0i to\u00e1n di\u1ec7n t\u00edch.<br \/>\n<\/span><\/span><\/h2>","protected":false},"featured_media":0,"comment_status":"open","ping_status":"closed","template":"","meta":{"inline_featured_image":false},"product_brand":[],"product_cat":[39,79],"product_tag":[],"class_list":{"0":"post-9107","1":"product","2":"type-product","3":"status-publish","5":"product_cat-thanh-dai","6":"product_cat-san-pham-thiet-ke-theo-yeu-cau","8":"first","9":"instock","10":"taxable","11":"shipping-taxable","12":"purchasable","13":"product-type-variable"},"acf":[],"_links":{"self":[{"href":"https:\/\/adszone.vn\/en\/wp-json\/wp\/v2\/product\/9107","targetHints":{"allow":["GET"]}}],"collection":[{"href":"https:\/\/adszone.vn\/en\/wp-json\/wp\/v2\/product"}],"about":[{"href":"https:\/\/adszone.vn\/en\/wp-json\/wp\/v2\/types\/product"}],"replies":[{"embeddable":true,"href":"https:\/\/adszone.vn\/en\/wp-json\/wp\/v2\/comments?post=9107"}],"wp:attachment":[{"href":"https:\/\/adszone.vn\/en\/wp-json\/wp\/v2\/media?parent=9107"}],"wp:term":[{"taxonomy":"product_brand","embeddable":true,"href":"https:\/\/adszone.vn\/en\/wp-json\/wp\/v2\/product_brand?post=9107"},{"taxonomy":"product_cat","embeddable":true,"href":"https:\/\/adszone.vn\/en\/wp-json\/wp\/v2\/product_cat?post=9107"},{"taxonomy":"product_tag","embeddable":true,"href":"https:\/\/adszone.vn\/en\/wp-json\/wp\/v2\/product_tag?post=9107"}],"curies":[{"name":"wp","href":"https:\/\/api.w.org\/{rel}","templated":true}]}}