{"id":9418,"date":"2026-05-15T10:29:17","date_gmt":"2026-05-15T03:29:17","guid":{"rendered":"https:\/\/adszone.vn\/?post_type=product&#038;p=9418"},"modified":"2026-05-15T10:31:11","modified_gmt":"2026-05-15T03:31:11","slug":"man-hinh-led-chan-dung-thanh-dai-3-mat-ngoai-troi","status":"publish","type":"product","link":"https:\/\/adszone.vn\/en\/product\/man-hinh-led-chan-dung-thanh-dai-3-mat-ngoai-troi\/","title":{"rendered":"M\u00e0n H\u00ecnh LED Ch\u00e2n \u0110\u1ee9ng Thanh D\u00e0i 3 M\u1eb7t Ngo\u00e0i Tr\u1eddi"},"content":{"rendered":"","protected":false},"excerpt":{"rendered":"","protected":false},"featured_media":9424,"comment_status":"open","ping_status":"closed","template":"","meta":{"inline_featured_image":false},"product_brand":[],"product_cat":[170,74,72],"product_tag":[],"class_list":{"0":"post-9418","1":"product","2":"type-product","3":"status-publish","4":"has-post-thumbnail","6":"product_cat-led-chan-dung-ngoai-troi","7":"product_cat-man-hinh-led-quang-cao-ngoai-troi","8":"product_cat-man-hinh-led","10":"first","11":"instock","12":"taxable","13":"shipping-taxable","14":"product-type-simple"},"acf":[],"_links":{"self":[{"href":"https:\/\/adszone.vn\/en\/wp-json\/wp\/v2\/product\/9418","targetHints":{"allow":["GET"]}}],"collection":[{"href":"https:\/\/adszone.vn\/en\/wp-json\/wp\/v2\/product"}],"about":[{"href":"https:\/\/adszone.vn\/en\/wp-json\/wp\/v2\/types\/product"}],"replies":[{"embeddable":true,"href":"https:\/\/adszone.vn\/en\/wp-json\/wp\/v2\/comments?post=9418"}],"wp:featuredmedia":[{"embeddable":true,"href":"https:\/\/adszone.vn\/en\/wp-json\/wp\/v2\/media\/9424"}],"wp:attachment":[{"href":"https:\/\/adszone.vn\/en\/wp-json\/wp\/v2\/media?parent=9418"}],"wp:term":[{"taxonomy":"product_brand","embeddable":true,"href":"https:\/\/adszone.vn\/en\/wp-json\/wp\/v2\/product_brand?post=9418"},{"taxonomy":"product_cat","embeddable":true,"href":"https:\/\/adszone.vn\/en\/wp-json\/wp\/v2\/product_cat?post=9418"},{"taxonomy":"product_tag","embeddable":true,"href":"https:\/\/adszone.vn\/en\/wp-json\/wp\/v2\/product_tag?post=9418"}],"curies":[{"name":"wp","href":"https:\/\/api.w.org\/{rel}","templated":true}]}}