{"id":9481,"date":"2026-05-16T09:27:21","date_gmt":"2026-05-16T02:27:21","guid":{"rendered":"https:\/\/adszone.vn\/?post_type=product&#038;p=9481"},"modified":"2026-05-16T09:27:21","modified_gmt":"2026-05-16T02:27:21","slug":"man-hinh-led-chan-dung-ngoai-troi-ghep-noi-da-man-hinh","status":"publish","type":"product","link":"https:\/\/adszone.vn\/en\/product\/man-hinh-led-chan-dung-ngoai-troi-ghep-noi-da-man-hinh\/","title":{"rendered":"M\u00e0n H\u00ecnh LED Ch\u00e2n \u0110\u1ee9ng Ngo\u00e0i Tr\u1eddi Gh\u00e9p N\u1ed1i \u0110a M\u00e0n H\u00ecnh"},"content":{"rendered":"","protected":false},"excerpt":{"rendered":"","protected":false},"featured_media":9486,"comment_status":"open","ping_status":"closed","template":"","meta":{"inline_featured_image":false},"product_brand":[],"product_cat":[170,74,72],"product_tag":[],"class_list":{"0":"post-9481","1":"product","2":"type-product","3":"status-publish","4":"has-post-thumbnail","6":"product_cat-led-chan-dung-ngoai-troi","7":"product_cat-man-hinh-led-quang-cao-ngoai-troi","8":"product_cat-man-hinh-led","10":"first","11":"instock","12":"taxable","13":"shipping-taxable","14":"product-type-simple"},"acf":[],"_links":{"self":[{"href":"https:\/\/adszone.vn\/en\/wp-json\/wp\/v2\/product\/9481","targetHints":{"allow":["GET"]}}],"collection":[{"href":"https:\/\/adszone.vn\/en\/wp-json\/wp\/v2\/product"}],"about":[{"href":"https:\/\/adszone.vn\/en\/wp-json\/wp\/v2\/types\/product"}],"replies":[{"embeddable":true,"href":"https:\/\/adszone.vn\/en\/wp-json\/wp\/v2\/comments?post=9481"}],"wp:featuredmedia":[{"embeddable":true,"href":"https:\/\/adszone.vn\/en\/wp-json\/wp\/v2\/media\/9486"}],"wp:attachment":[{"href":"https:\/\/adszone.vn\/en\/wp-json\/wp\/v2\/media?parent=9481"}],"wp:term":[{"taxonomy":"product_brand","embeddable":true,"href":"https:\/\/adszone.vn\/en\/wp-json\/wp\/v2\/product_brand?post=9481"},{"taxonomy":"product_cat","embeddable":true,"href":"https:\/\/adszone.vn\/en\/wp-json\/wp\/v2\/product_cat?post=9481"},{"taxonomy":"product_tag","embeddable":true,"href":"https:\/\/adszone.vn\/en\/wp-json\/wp\/v2\/product_tag?post=9481"}],"curies":[{"name":"wp","href":"https:\/\/api.w.org\/{rel}","templated":true}]}}