{"id":9504,"date":"2026-05-16T09:59:44","date_gmt":"2026-05-16T02:59:44","guid":{"rendered":"https:\/\/adszone.vn\/?post_type=product&#038;p=9504"},"modified":"2026-05-16T09:59:44","modified_gmt":"2026-05-16T02:59:44","slug":"man-hinh-led-chan-dung-ngoai-troi-1-mat","status":"publish","type":"product","link":"https:\/\/adszone.vn\/en\/product\/man-hinh-led-chan-dung-ngoai-troi-1-mat\/","title":{"rendered":"M\u00e0n H\u00ecnh LED Ch\u00e2n \u0110\u1ee9ng Ngo\u00e0i Tr\u1eddi 1 M\u1eb7t"},"content":{"rendered":"","protected":false},"excerpt":{"rendered":"","protected":false},"featured_media":9508,"comment_status":"open","ping_status":"closed","template":"","meta":{"inline_featured_image":false},"product_brand":[],"product_cat":[170,74,72],"product_tag":[],"class_list":{"0":"post-9504","1":"product","2":"type-product","3":"status-publish","4":"has-post-thumbnail","6":"product_cat-led-chan-dung-ngoai-troi","7":"product_cat-man-hinh-led-quang-cao-ngoai-troi","8":"product_cat-man-hinh-led","10":"first","11":"instock","12":"taxable","13":"shipping-taxable","14":"product-type-simple"},"acf":[],"_links":{"self":[{"href":"https:\/\/adszone.vn\/en\/wp-json\/wp\/v2\/product\/9504","targetHints":{"allow":["GET"]}}],"collection":[{"href":"https:\/\/adszone.vn\/en\/wp-json\/wp\/v2\/product"}],"about":[{"href":"https:\/\/adszone.vn\/en\/wp-json\/wp\/v2\/types\/product"}],"replies":[{"embeddable":true,"href":"https:\/\/adszone.vn\/en\/wp-json\/wp\/v2\/comments?post=9504"}],"wp:featuredmedia":[{"embeddable":true,"href":"https:\/\/adszone.vn\/en\/wp-json\/wp\/v2\/media\/9508"}],"wp:attachment":[{"href":"https:\/\/adszone.vn\/en\/wp-json\/wp\/v2\/media?parent=9504"}],"wp:term":[{"taxonomy":"product_brand","embeddable":true,"href":"https:\/\/adszone.vn\/en\/wp-json\/wp\/v2\/product_brand?post=9504"},{"taxonomy":"product_cat","embeddable":true,"href":"https:\/\/adszone.vn\/en\/wp-json\/wp\/v2\/product_cat?post=9504"},{"taxonomy":"product_tag","embeddable":true,"href":"https:\/\/adszone.vn\/en\/wp-json\/wp\/v2\/product_tag?post=9504"}],"curies":[{"name":"wp","href":"https:\/\/api.w.org\/{rel}","templated":true}]}}